{"id":3104,"date":"2025-03-24T01:40:44","date_gmt":"2025-03-24T00:40:44","guid":{"rendered":"https:\/\/arctic.hr\/arctic-polietilenske-ograde-bijele\/"},"modified":"2025-06-11T21:09:53","modified_gmt":"2025-06-11T19:09:53","slug":"barrieres-en-polyethylene-arctic","status":"publish","type":"page","link":"https:\/\/arctic.hr\/fr\/produits\/barrieres-arctic\/barrieres-en-polyethylene-arctic\/","title":{"rendered":"Barri\u00e8res en poly\u00e9thyl\u00e8ne Arctic"},"content":{"rendered":"","protected":false},"excerpt":{"rendered":"","protected":false},"author":1,"featured_media":0,"parent":3131,"menu_order":0,"comment_status":"closed","ping_status":"closed","template":"","meta":{"footnotes":""},"class_list":["post-3104","page","type-page","status-publish","hentry"],"_links":{"self":[{"href":"https:\/\/arctic.hr\/fr\/wp-json\/wp\/v2\/pages\/3104","targetHints":{"allow":["GET"]}}],"collection":[{"href":"https:\/\/arctic.hr\/fr\/wp-json\/wp\/v2\/pages"}],"about":[{"href":"https:\/\/arctic.hr\/fr\/wp-json\/wp\/v2\/types\/page"}],"author":[{"embeddable":true,"href":"https:\/\/arctic.hr\/fr\/wp-json\/wp\/v2\/users\/1"}],"replies":[{"embeddable":true,"href":"https:\/\/arctic.hr\/fr\/wp-json\/wp\/v2\/comments?post=3104"}],"version-history":[{"count":0,"href":"https:\/\/arctic.hr\/fr\/wp-json\/wp\/v2\/pages\/3104\/revisions"}],"up":[{"embeddable":true,"href":"https:\/\/arctic.hr\/fr\/wp-json\/wp\/v2\/pages\/3131"}],"wp:attachment":[{"href":"https:\/\/arctic.hr\/fr\/wp-json\/wp\/v2\/media?parent=3104"}],"curies":[{"name":"wp","href":"https:\/\/api.w.org\/{rel}","templated":true}]}}